{"id":2,"date":"2023-04-24T08:33:31","date_gmt":"2023-04-24T07:33:31","guid":{"rendered":"http:\/\/michaljuriuszpierog.pl\/?page_id=2"},"modified":"2023-05-04T17:57:15","modified_gmt":"2023-05-04T16:57:15","slug":"o-michale","status":"publish","type":"page","link":"https:\/\/michaljuriuszpierog.pl\/index.php\/o-michale\/","title":{"rendered":"O Michale"},"content":{"rendered":"\n<h2 class=\"wp-block-heading\" style=\"font-size:32px;line-height:1.4\">Pisarz, podr\u00f3\u017cnik, mi\u0142o\u015bnik jenot\u00f3w<\/h2>\n\n\n\n<div class=\"wp-block-columns is-layout-flex wp-container-3\">\n<div class=\"wp-block-column is-layout-flow\">\n<p style=\"font-size:18px\">Micha\u0142 Juriusz Pier\u00f3g, zwany r\u00f3wnie\u017c Jenotem, urodzi\u0142 si\u0119 10 maja 1982 roku. Kocha\u0142 koty wszelkiej ma\u015bci oraz otacza\u0142 szczeg\u00f3ln\u0105 czci\u0105 chardonnay. Ka\u017cdej napotkanej osobie pr\u00f3bowa\u0142 sprzeda\u0107 mi\u0142o\u015b\u0107 do Slayera i Aleksandra So\u0142\u017cenicyna. Podr\u00f3\u017cowa\u0142 po miejscach, kt\u00f3re inni omijali szerokim \u0142ukiem. Mia\u0142 odwag\u0119 rzuci\u0107 wszystko i wyjecha\u0107 do Gruzji. A tak\u017ce innych kraj\u00f3w, z kt\u00f3rych przywozi\u0142 wra\u017cenia i opowie\u015bci.<\/p>\n<\/div>\n\n\n\n<div class=\"wp-block-column is-layout-flow\">\n<p style=\"font-size:18px\">Micha\u0142 zako\u0144czy\u0142 swoj\u0105 ziemsk\u0105 inkarnacj\u0119 5 marca 2022 roku. Pozostawi\u0142 po sobie du\u017ce grono bliskich i przyjaci\u00f3\u0142. Zosta\u0142y te\u017c po nim niezliczone teksty. Cz\u0119\u015b\u0107 z nich publikowa\u0142 na swoich blogach, cz\u0119\u015b\u0107 pozosta\u0142a w zakamarkach przestrzeni wirtualnej. Tutaj b\u0119d\u0105 si\u0119 pojawia\u0107 kolejne opowiadania, reporta\u017ce, eseje i inne przejawy tw\u00f3rczo\u015bci Juriusza.<\/p>\n<\/div>\n<\/div>\n","protected":false},"excerpt":{"rendered":"<p>Pisarz, podr\u00f3\u017cnik, mi\u0142o\u015bnik jenot\u00f3w Micha\u0142 Juriusz Pier\u00f3g, zwany r\u00f3wnie\u017c Jenotem, urodzi\u0142 si\u0119 10 maja 1982 roku. Kocha\u0142 koty wszelkiej ma\u015bci oraz otacza\u0142 szczeg\u00f3ln\u0105 czci\u0105 chardonnay.<\/p>\n","protected":false},"author":1,"featured_media":0,"parent":0,"menu_order":0,"comment_status":"closed","ping_status":"open","template":"","meta":[],"_links":{"self":[{"href":"https:\/\/michaljuriuszpierog.pl\/index.php\/wp-json\/wp\/v2\/pages\/2"}],"collection":[{"href":"https:\/\/michaljuriuszpierog.pl\/index.php\/wp-json\/wp\/v2\/pages"}],"about":[{"href":"https:\/\/michaljuriuszpierog.pl\/index.php\/wp-json\/wp\/v2\/types\/page"}],"author":[{"embeddable":true,"href":"https:\/\/michaljuriuszpierog.pl\/index.php\/wp-json\/wp\/v2\/users\/1"}],"replies":[{"embeddable":true,"href":"https:\/\/michaljuriuszpierog.pl\/index.php\/wp-json\/wp\/v2\/comments?post=2"}],"version-history":[{"count":3,"href":"https:\/\/michaljuriuszpierog.pl\/index.php\/wp-json\/wp\/v2\/pages\/2\/revisions"}],"predecessor-version":[{"id":29,"href":"https:\/\/michaljuriuszpierog.pl\/index.php\/wp-json\/wp\/v2\/pages\/2\/revisions\/29"}],"wp:attachment":[{"href":"https:\/\/michaljuriuszpierog.pl\/index.php\/wp-json\/wp\/v2\/media?parent=2"}],"curies":[{"name":"wp","href":"https:\/\/api.w.org\/{rel}","templated":true}]}}