{"id":21,"date":"2023-04-24T16:59:31","date_gmt":"2023-04-24T15:59:31","guid":{"rendered":"https:\/\/michaljuriuszpierog.pl\/?page_id=21"},"modified":"2023-05-04T17:20:29","modified_gmt":"2023-05-04T16:20:29","slug":"o-stronie","status":"publish","type":"page","link":"https:\/\/michaljuriuszpierog.pl\/","title":{"rendered":"O stronie"},"content":{"rendered":"\n<p>Niniejsza strona po\u015bwi\u0119cona jest tw\u00f3rczo\u015bci Micha\u0142a Pieroga, zwanego Juriuszem tudzie\u017c Jenotem.  <\/p>\n\n\n\n<p><\/p>\n\n\n\n<p>Znany cytat z &#8220;Mistrza i Ma\u0142gorzaty&#8221;, jednej z ulubionych powie\u015bci Micha\u0142a, g\u0142osi: <em>R\u0119kopisy nie p\u0142on\u0105<\/em>. Ta strona jest w\u0142a\u015bnie po to, by udowodni\u0107 t\u0119 tez\u0119. Micha\u0142 pozostawi\u0142 po sobie tysi\u0105ce stron zapisk\u00f3w r\u00f3\u017cnego rodzaju: opowiada\u0144, szkic\u00f3w powie\u015bci, reporta\u017cy podr\u00f3\u017cnych, refleksji na temat pracy i \u017cycia, opis\u00f3w imprez z m\u0142odzie\u0144czych lat, a nawet pisemnych skarg wysy\u0142anych do zarz\u0105du krakowskiej komunikacji miejskiej. Stopniowo tre\u015bci te b\u0119d\u0105 pojawia\u0107 si\u0119 na tej stronie.<\/p>\n\n\n\n<p><\/p>\n\n\n\n<p>Autork\u0105 strony jest Aligator.<\/p>\n","protected":false},"excerpt":{"rendered":"<p>Niniejsza strona po\u015bwi\u0119cona jest tw\u00f3rczo\u015bci Micha\u0142a Pieroga, zwanego Juriuszem tudzie\u017c Jenotem. Znany cytat z &#8220;Mistrza i Ma\u0142gorzaty&#8221;, jednej z ulubionych powie\u015bci Micha\u0142a, g\u0142osi: R\u0119kopisy nie<\/p>\n","protected":false},"author":1,"featured_media":0,"parent":0,"menu_order":0,"comment_status":"closed","ping_status":"closed","template":"","meta":[],"_links":{"self":[{"href":"https:\/\/michaljuriuszpierog.pl\/index.php\/wp-json\/wp\/v2\/pages\/21"}],"collection":[{"href":"https:\/\/michaljuriuszpierog.pl\/index.php\/wp-json\/wp\/v2\/pages"}],"about":[{"href":"https:\/\/michaljuriuszpierog.pl\/index.php\/wp-json\/wp\/v2\/types\/page"}],"author":[{"embeddable":true,"href":"https:\/\/michaljuriuszpierog.pl\/index.php\/wp-json\/wp\/v2\/users\/1"}],"replies":[{"embeddable":true,"href":"https:\/\/michaljuriuszpierog.pl\/index.php\/wp-json\/wp\/v2\/comments?post=21"}],"version-history":[{"count":2,"href":"https:\/\/michaljuriuszpierog.pl\/index.php\/wp-json\/wp\/v2\/pages\/21\/revisions"}],"predecessor-version":[{"id":25,"href":"https:\/\/michaljuriuszpierog.pl\/index.php\/wp-json\/wp\/v2\/pages\/21\/revisions\/25"}],"wp:attachment":[{"href":"https:\/\/michaljuriuszpierog.pl\/index.php\/wp-json\/wp\/v2\/media?parent=21"}],"curies":[{"name":"wp","href":"https:\/\/api.w.org\/{rel}","templated":true}]}}